{"id":44,"date":"2016-05-09T11:36:21","date_gmt":"2016-05-09T11:36:21","guid":{"rendered":"http:\/\/serwer1520611.home.pl\/autoinstalator\/wordpress1\/?page_id=44"},"modified":"2024-06-04T04:25:44","modified_gmt":"2024-06-04T04:25:44","slug":"kontakt","status":"publish","type":"page","link":"https:\/\/alldoors.pl\/en\/kontakt\/","title":{"rendered":"Contact"},"content":{"rendered":"<p><strong>Alldoors Sp. z o.o.<\/strong><br \/>\nul. Jagiello\u0144ska 88\/129A<br \/>\n00-92 Warszawa<\/p>\n<p>tel: +48 22 299 72 75<br \/>\ne-mail: office@alldoors.pl<\/p>\n<p>Sp\u00f3\u0142ka zarejestrowana w S\u0105dzie Rejonowym dla M.St. Warszawy w Warszawie, XIV Wydzia\u0142 Gospodarczy Krajowego Rejestru S\u0105dowego pod nr KRS 0000349598<br \/>\nKapita\u0142 zak\u0142adwy 936.000 z\u0142 wp\u0142acony w ca\u0142o\u015bci.<\/p>\n<p>NIP: 9522083219<br \/>\nRegon: 142263264<\/p>\n","protected":false},"excerpt":{"rendered":"<p>Alldoors Sp. z o.o. ul. Jagiello\u0144ska 88\/129A 00-92 Warszawa tel: +48 22 299 72 75 e-mail: office@alldoors.pl Sp\u00f3\u0142ka zarejestrowana w S\u0105dzie Rejonowym dla M.St. Warszawy w Warszawie, XIV Wydzia\u0142 Gospodarczy Krajowego Rejestru S\u0105dowego pod nr KRS 0000349598 Kapita\u0142 zak\u0142adwy 936.000 z\u0142 wp\u0142acony w ca\u0142o\u015bci. NIP: 9522083219 Regon: 142263264<\/p>\n","protected":false},"author":1,"featured_media":0,"parent":0,"menu_order":0,"comment_status":"closed","ping_status":"closed","template":"page-templates\/full-width-page.php","meta":{"footnotes":""},"translation":{"provider":"WPGlobus","version":"2.12.2","language":"en","enabled_languages":["pl","en"],"languages":{"pl":{"title":true,"content":true,"excerpt":false},"en":{"title":true,"content":true,"excerpt":false}}},"_links":{"self":[{"href":"https:\/\/alldoors.pl\/en\/wp-json\/wp\/v2\/pages\/44"}],"collection":[{"href":"https:\/\/alldoors.pl\/en\/wp-json\/wp\/v2\/pages"}],"about":[{"href":"https:\/\/alldoors.pl\/en\/wp-json\/wp\/v2\/types\/page"}],"author":[{"embeddable":true,"href":"https:\/\/alldoors.pl\/en\/wp-json\/wp\/v2\/users\/1"}],"replies":[{"embeddable":true,"href":"https:\/\/alldoors.pl\/en\/wp-json\/wp\/v2\/comments?post=44"}],"version-history":[{"count":2,"href":"https:\/\/alldoors.pl\/en\/wp-json\/wp\/v2\/pages\/44\/revisions"}],"predecessor-version":[{"id":48,"href":"https:\/\/alldoors.pl\/en\/wp-json\/wp\/v2\/pages\/44\/revisions\/48"}],"wp:attachment":[{"href":"https:\/\/alldoors.pl\/en\/wp-json\/wp\/v2\/media?parent=44"}],"curies":[{"name":"wp","href":"https:\/\/api.w.org\/{rel}","templated":true}]}}