{"id":2,"date":"2016-02-03T04:08:41","date_gmt":"2016-02-03T04:08:41","guid":{"rendered":"http:\/\/wp442m.a10-52-158-154.qa.plesk.ru\/wordpress\/?page_id=2"},"modified":"2016-05-24T11:24:35","modified_gmt":"2016-05-24T11:24:35","slug":"sample-page","status":"publish","type":"page","link":"https:\/\/alldoors.pl\/en\/","title":{"rendered":"Welcome!"},"content":{"rendered":"<p><em>Serdecznie witam na naszej stronie i zapraszam do wsp\u00f3\u0142pracy. Nasze motto: &#8220;Reputacja i zaufanie&#8221; to warto\u015bci, kt\u00f3re tworzymy razem z Wami. <\/em><br \/>\n<em>Z bran\u017c\u0105 bram przemys\u0142owych jestem zwi\u0105zany od 1992 r. i mia\u0142em przyjemno\u015b\u0107 bra\u0107 udzia\u0142 w kierowaniu realizacj\u0105 setek\u00a0projekt\u00f3w budowlanych. Inwestycje, w ramach kt\u00f3rych by\u0142y dostarczane bramy przemys\u0142owe i urz\u0105dzenia techniki prze\u0142adunkowej, to lata bezpo\u015brednio sp\u0119dzone na placach bud\u00f3w, to lata nauki, lata poznawania specyfiki urz\u0105dze\u0144 oraz europejskiego rynku producent\u00f3w. Owocem tych bezcennych do\u015bwiadcze\u0144 jest gruntowne zrozumienie specyfiki bran\u017cy i oczekiwa\u0144 klient\u00f3w. Dzisiaj wiem, \u017ce najwa\u017cniejszym elementem nie jest najni\u017csza cena. T\u0105 unikaln\u0105 warto\u015bci\u0105 jest zaufanie rynku. Zaufanie, kt\u00f3re buduje si\u0119 latami i kt\u00f3rego efektem jest nasza reputacja. Reputacja ugruntowana przez terminowe realizacje, przez produkty o ustalonych, wysokich parametrach technicznych i funkcjonalnych, przez pe\u0142n\u0105 opiek\u0119 konserwacyjno- techniczn\u0105 i serwis sprawnie usuwaj\u0105cy wszelkie awarie. Reputacja to tak\u017ce partnerskie stosunki z Dostawcami i U\u017cytkownikami produkt\u00f3w. Wiem, \u017ce marki, kt\u00f3re reprezentowali\u015bmy przez te wszystkie lata maj\u0105 ugruntowan\u0105 pozycj\u0119 na rynku i licznych klient\u00f3w, kt\u00f3rzy darz\u0105 nas zaufaniem.<\/em><br \/>\n<em>Z grup\u0105 profesjonalnych wsp\u00f3\u0142pracownik\u00f3w kontynuujemy t\u0119 misj\u0119 i wnosimy unikaln\u0105 jako\u015b\u0107 do realizacji projekt\u00f3w. Zapraszam do zapoznania si\u0119 z nasz\u0105 wyj\u0105tkow\u0105 ofert\u0105. Specjalnie dla Pa\u0144stwa z bardzo bogatej oferty wybrali\u015bmy produkty, do kt\u00f3rych my mamy zaufanie i odpowiedzialnie polecamy je naszym klientom. Kreujmy razem nowe warto\u015bci.<\/em><\/p>\n<p style=\"text-align: right;\"><em>Piotr Zadru\u017cny<\/em><br \/>\n<em>Prezes Zarz\u0105du<\/em><\/p>\n","protected":false},"excerpt":{"rendered":"<p>Serdecznie witam na naszej stronie i zapraszam do wsp\u00f3\u0142pracy. Nasze motto: &#8220;Reputacja i zaufanie&#8221; to warto\u015bci, kt\u00f3re tworzymy razem z Wami. Z bran\u017c\u0105 bram przemys\u0142owych jestem zwi\u0105zany od 1992 r. i mia\u0142em przyjemno\u015b\u0107 bra\u0107 udzia\u0142 w kierowaniu realizacj\u0105 setek\u00a0projekt\u00f3w budowlanych. Inwestycje, w ramach kt\u00f3rych by\u0142y dostarczane bramy przemys\u0142owe i urz\u0105dzenia techniki prze\u0142adunkowej, to lata bezpo\u015brednio &hellip; <a href=\"https:\/\/alldoors.pl\/en\/\" class=\"more-link\">Continue reading <span class=\"screen-reader-text\">Welcome!<\/span><\/a><\/p>\n","protected":false},"author":1,"featured_media":38,"parent":0,"menu_order":0,"comment_status":"closed","ping_status":"open","template":"page-templates\/full-width-page.php","meta":{"footnotes":""},"translation":{"provider":"WPGlobus","version":"2.12.2","language":"en","enabled_languages":["pl","en"],"languages":{"pl":{"title":true,"content":true,"excerpt":false},"en":{"title":true,"content":true,"excerpt":false}}},"_links":{"self":[{"href":"https:\/\/alldoors.pl\/en\/wp-json\/wp\/v2\/pages\/2"}],"collection":[{"href":"https:\/\/alldoors.pl\/en\/wp-json\/wp\/v2\/pages"}],"about":[{"href":"https:\/\/alldoors.pl\/en\/wp-json\/wp\/v2\/types\/page"}],"author":[{"embeddable":true,"href":"https:\/\/alldoors.pl\/en\/wp-json\/wp\/v2\/users\/1"}],"replies":[{"embeddable":true,"href":"https:\/\/alldoors.pl\/en\/wp-json\/wp\/v2\/comments?post=2"}],"version-history":[{"count":21,"href":"https:\/\/alldoors.pl\/en\/wp-json\/wp\/v2\/pages\/2\/revisions"}],"predecessor-version":[{"id":52,"href":"https:\/\/alldoors.pl\/en\/wp-json\/wp\/v2\/pages\/2\/revisions\/52"}],"wp:featuredmedia":[{"embeddable":true,"href":"https:\/\/alldoors.pl\/en\/wp-json\/wp\/v2\/media\/38"}],"wp:attachment":[{"href":"https:\/\/alldoors.pl\/en\/wp-json\/wp\/v2\/media?parent=2"}],"curies":[{"name":"wp","href":"https:\/\/api.w.org\/{rel}","templated":true}]}}