{"id":14,"date":"2016-03-01T11:31:15","date_gmt":"2016-03-01T11:31:15","guid":{"rendered":"http:\/\/serwer1520611.home.pl\/autoinstalator\/wordpress1\/?page_id=14"},"modified":"2016-06-16T09:22:25","modified_gmt":"2016-06-16T09:22:25","slug":"oferta","status":"publish","type":"page","link":"https:\/\/alldoors.pl\/en\/oferta\/","title":{"rendered":"Offer"},"content":{"rendered":"<div class=\"frm_forms  with_frm_style frm_style_formidable-style\" id=\"frm_form_2_container\" >\n<form enctype=\"multipart\/form-data\" method=\"post\" class=\"frm-show-form \" id=\"form_cp9r0\"  >\n<div class=\"frm_form_fields \">\n<fieldset>\n<legend class=\"frm_hidden\">Zapytanie ofertowe<\/legend>\r\n\r\n<div class=\"frm_fields_container\">\n<input type=\"hidden\" name=\"frm_action\" value=\"create\" \/>\n<input type=\"hidden\" name=\"form_id\" value=\"2\" \/>\n<input type=\"hidden\" name=\"frm_hide_fields_2\" id=\"frm_hide_fields_2\" value=\"\" \/>\n<input type=\"hidden\" name=\"form_key\" value=\"cp9r0\" \/>\n<input type=\"hidden\" name=\"item_meta[0]\" value=\"\" \/>\n<input type=\"hidden\" id=\"frm_submit_entry_2\" name=\"frm_submit_entry_2\" value=\"d36fe3b93f\" \/><input type=\"hidden\" name=\"_wp_http_referer\" value=\"\/en\/wp-json\/wp\/v2\/pages\/14\" \/><div id=\"frm_field_110_container\" class=\"frm_form_field frm_section_heading form-field frm_top_container frm_first\">\r\n<h3 class=\"frm_pos_ frm_primary_label[collapse_class]\">Produkty<\/h3>\r\n\r\n\r\n<\/div>\n<div id=\"frm_field_11_container\" class=\"frm_form_field form-field  frm_top_container vertical_radio\">\r\n    <label  class=\"frm_primary_label\">Bramy segmentowe\r\n        <span class=\"frm_required\"><\/span>\r\n    <\/label>\r\n    <div class=\"frm_opt_container\">\t\t<div class=\"frm_checkbox\" id=\"frm_checkbox_11-110-0\"><label for=\"field_88j4m-0\"><input type=\"checkbox\" name=\"item_meta[11][]\" id=\"field_88j4m-0\" value=\"pe\u0142ne 40 i 80 mm\"  data-invmsg=\"Bramy segmentowe is invalid\" aria-invalid=\"false\"   \/> pe\u0142ne 40 i 80 mm<\/label><\/div>\n\t\t<div class=\"frm_checkbox\" id=\"frm_checkbox_11-110-1\"><label for=\"field_88j4m-1\"><input type=\"checkbox\" name=\"item_meta[11][]\" id=\"field_88j4m-1\" value=\"przeszklone 40 i 80 mm\"  data-invmsg=\"Bramy segmentowe is invalid\" aria-invalid=\"false\"   \/> przeszklone 40 i 80 mm<\/label><\/div>\n\t\t<div class=\"frm_checkbox\" id=\"frm_checkbox_11-110-2\"><label for=\"field_88j4m-2\"><input type=\"checkbox\" name=\"item_meta[11][]\" id=\"field_88j4m-2\" value=\"z drzwiami przej\u015bciowymi\"  data-invmsg=\"Bramy segmentowe is invalid\" aria-invalid=\"false\"   \/> z drzwiami przej\u015bciowymi<\/label><\/div>\n\t\t<div class=\"frm_checkbox\" id=\"frm_checkbox_11-110-3\"><label for=\"field_88j4m-3\"><input type=\"checkbox\" name=\"item_meta[11][]\" id=\"field_88j4m-3\" value=\"sk\u0142adane na nadpro\u017cu\"  data-invmsg=\"Bramy segmentowe is invalid\" aria-invalid=\"false\"   \/> sk\u0142adane na nadpro\u017cu<\/label><\/div>\n\t\t<div class=\"frm_checkbox\" id=\"frm_checkbox_11-110-4\"><label for=\"field_88j4m-4\"><input type=\"checkbox\" name=\"item_meta[11][]\" id=\"field_88j4m-4\" value=\"logistyczne\"  data-invmsg=\"Bramy segmentowe is invalid\" aria-invalid=\"false\"   \/> logistyczne<\/label><\/div>\n\t\t<div class=\"frm_checkbox\" id=\"frm_checkbox_11-110-5\"><label for=\"field_88j4m-5\"><input type=\"checkbox\" name=\"item_meta[11][]\" id=\"field_88j4m-5\" value=\"wielkogabarytowe\"  data-invmsg=\"Bramy segmentowe is invalid\" aria-invalid=\"false\"   \/> wielkogabarytowe<\/label><\/div>\n\t\t<div class=\"frm_checkbox\" id=\"frm_checkbox_11-110-6\"><label for=\"field_88j4m-6\"><input type=\"checkbox\" name=\"item_meta[11][]\" id=\"field_88j4m-6\" value=\"szybkobie\u017cne\"  data-invmsg=\"Bramy segmentowe is invalid\" aria-invalid=\"false\"   \/> szybkobie\u017cne<\/label><\/div>\n\t\t<div class=\"frm_checkbox\" id=\"frm_checkbox_11-110-7\"><label for=\"field_88j4m-7\"><input type=\"checkbox\" name=\"item_meta[11][]\" id=\"field_88j4m-7\" value=\"gazoszczelne\"  data-invmsg=\"Bramy segmentowe is invalid\" aria-invalid=\"false\"   \/> gazoszczelne<\/label><\/div>\n<\/div>\r\n    \r\n    \r\n<\/div>\n<div id=\"frm_field_16_container\" class=\"frm_form_field form-field  frm_top_container vertical_radio\">\r\n    <label  class=\"frm_primary_label\">Bramy elastyczne (PCV)\r\n        <span class=\"frm_required\"><\/span>\r\n    <\/label>\r\n    <div class=\"frm_opt_container\">\t\t<div class=\"frm_checkbox\" id=\"frm_checkbox_16-110-0\"><label for=\"field_1yepe-0\"><input type=\"checkbox\" name=\"item_meta[16][]\" id=\"field_1yepe-0\" value=\"rolowane\"  data-invmsg=\"Bramy elastyczne (PCV) is invalid\" aria-invalid=\"false\"   \/> rolowane<\/label><\/div>\n\t\t<div class=\"frm_checkbox\" id=\"frm_checkbox_16-110-1\"><label for=\"field_1yepe-1\"><input type=\"checkbox\" name=\"item_meta[16][]\" id=\"field_1yepe-1\" value=\"sk\u0142adane\"  data-invmsg=\"Bramy elastyczne (PCV) is invalid\" aria-invalid=\"false\"   \/> sk\u0142adane<\/label><\/div>\n\t\t<div class=\"frm_checkbox\" id=\"frm_checkbox_16-110-2\"><label for=\"field_1yepe-2\"><input type=\"checkbox\" name=\"item_meta[16][]\" id=\"field_1yepe-2\" value=\"szybkobie\u017cne\"  data-invmsg=\"Bramy elastyczne (PCV) is invalid\" aria-invalid=\"false\"   \/> szybkobie\u017cne<\/label><\/div>\n\t\t<div class=\"frm_checkbox\" id=\"frm_checkbox_16-110-3\"><label for=\"field_1yepe-3\"><input type=\"checkbox\" name=\"item_meta[16][]\" id=\"field_1yepe-3\" value=\"pe\u0142ne i przejrzyste\"  data-invmsg=\"Bramy elastyczne (PCV) is invalid\" aria-invalid=\"false\"   \/> pe\u0142ne i przejrzyste<\/label><\/div>\n\t\t<div class=\"frm_checkbox\" id=\"frm_checkbox_16-110-4\"><label for=\"field_1yepe-4\"><input type=\"checkbox\" name=\"item_meta[16][]\" id=\"field_1yepe-4\" value=\"do przemys\u0142u spo\u017cywczego\"  data-invmsg=\"Bramy elastyczne (PCV) is invalid\" aria-invalid=\"false\"   \/> do przemys\u0142u spo\u017cywczego<\/label><\/div>\n\t\t<div class=\"frm_checkbox\" id=\"frm_checkbox_16-110-5\"><label for=\"field_1yepe-5\"><input type=\"checkbox\" name=\"item_meta[16][]\" id=\"field_1yepe-5\" value=\"wielkogabarytowe\"  data-invmsg=\"Bramy elastyczne (PCV) is invalid\" aria-invalid=\"false\"   \/> wielkogabarytowe<\/label><\/div>\n<\/div>\r\n    \r\n    \r\n<\/div>\n<div id=\"frm_field_111_container\" class=\"frm_form_field form-field  frm_top_container\">\n\t<label for=\"field_bs8h4\" id=\"field_bs8h4_label\" class=\"frm_primary_label\">End Section\n\t\t<span class=\"frm_required\" aria-hidden=\"true\"><\/span>\n\t<\/label>\n\t<input type=\"text\" id=\"field_bs8h4\" name=\"item_meta[111]\" value=\"\"  data-invmsg=\"End Section is invalid\" aria-invalid=\"false\"  \/>\n\t\n\t\n<\/div>\n<div id=\"frm_field_112_container\" class=\"frm_form_field frm_section_heading form-field frm_top_container frm_third\">\r\n<h3 class=\"frm_pos_ frm_primary_label[collapse_class]\"><\/h3>\r\n\r\n\r\n<\/div>\n<div id=\"frm_field_12_container\" class=\"frm_form_field form-field  frm_top_container vertical_radio\">\r\n    <label  class=\"frm_primary_label\">Bramy hanagrowe\r\n        <span class=\"frm_required\"><\/span>\r\n    <\/label>\r\n    <div class=\"frm_opt_container\">\t\t<div class=\"frm_checkbox\" id=\"frm_checkbox_12-112-0\"><label for=\"field_dt0i1-0\"><input type=\"checkbox\" name=\"item_meta[12][]\" id=\"field_dt0i1-0\" value=\"przesuwane\"  data-invmsg=\"Bramy hanagrowe is invalid\" aria-invalid=\"false\"   \/> przesuwane<\/label><\/div>\n\t\t<div class=\"frm_checkbox\" id=\"frm_checkbox_12-112-1\"><label for=\"field_dt0i1-1\"><input type=\"checkbox\" name=\"item_meta[12][]\" id=\"field_dt0i1-1\" value=\"sk\u0142adane\"  data-invmsg=\"Bramy hanagrowe is invalid\" aria-invalid=\"false\"   \/> sk\u0142adane<\/label><\/div>\n\t\t<div class=\"frm_checkbox\" id=\"frm_checkbox_12-112-2\"><label for=\"field_dt0i1-2\"><input type=\"checkbox\" name=\"item_meta[12][]\" id=\"field_dt0i1-2\" value=\"podnoszone\"  data-invmsg=\"Bramy hanagrowe is invalid\" aria-invalid=\"false\"   \/> podnoszone<\/label><\/div>\n<\/div>\r\n    \r\n    \r\n<\/div>\n<div id=\"frm_field_10_container\" class=\"frm_form_field form-field  frm_top_container vertical_radio\">\r\n    <label  class=\"frm_primary_label\">Bramy przeciwpo\u017carowe\r\n        <span class=\"frm_required\"><\/span>\r\n    <\/label>\r\n    <div class=\"frm_opt_container\">\t\t<div class=\"frm_checkbox\" id=\"frm_checkbox_10-112-0\"><label for=\"field_s2hrp-0\"><input type=\"checkbox\" name=\"item_meta[10][]\" id=\"field_s2hrp-0\" value=\"przesuwane\"  data-invmsg=\"Bramy przeciwpo\u017carowe is invalid\" aria-invalid=\"false\"   \/> przesuwane<\/label><\/div>\n\t\t<div class=\"frm_checkbox\" id=\"frm_checkbox_10-112-1\"><label for=\"field_s2hrp-1\"><input type=\"checkbox\" name=\"item_meta[10][]\" id=\"field_s2hrp-1\" value=\"rolowane\"  data-invmsg=\"Bramy przeciwpo\u017carowe is invalid\" aria-invalid=\"false\"   \/> rolowane<\/label><\/div>\n\t\t<div class=\"frm_checkbox\" id=\"frm_checkbox_10-112-2\"><label for=\"field_s2hrp-2\"><input type=\"checkbox\" name=\"item_meta[10][]\" id=\"field_s2hrp-2\" value=\"segmentowe\"  data-invmsg=\"Bramy przeciwpo\u017carowe is invalid\" aria-invalid=\"false\"   \/> segmentowe<\/label><\/div>\n<\/div>\r\n    \r\n    \r\n<\/div>\n<div id=\"frm_field_17_container\" class=\"frm_form_field form-field  frm_top_container vertical_radio\">\r\n    <label  class=\"frm_primary_label\">Systemy prze\u0142adunkowe\r\n        <span class=\"frm_required\"><\/span>\r\n    <\/label>\r\n    <div class=\"frm_opt_container\">\t\t<div class=\"frm_checkbox\" id=\"frm_checkbox_17-112-0\"><label for=\"field_uxvw4-0\"><input type=\"checkbox\" name=\"item_meta[17][]\" id=\"field_uxvw4-0\" value=\"pomosty hydrauliczne\"  data-invmsg=\"Systemy prze\u0142adunkowe is invalid\" aria-invalid=\"false\"   \/> pomosty hydrauliczne<\/label><\/div>\n\t\t<div class=\"frm_checkbox\" id=\"frm_checkbox_17-112-1\"><label for=\"field_uxvw4-1\"><input type=\"checkbox\" name=\"item_meta[17][]\" id=\"field_uxvw4-1\" value=\"sto\u0142y no\u017cycowe\"  data-invmsg=\"Systemy prze\u0142adunkowe is invalid\" aria-invalid=\"false\"   \/> sto\u0142y no\u017cycowe<\/label><\/div>\n\t\t<div class=\"frm_checkbox\" id=\"frm_checkbox_17-112-2\"><label for=\"field_uxvw4-2\"><input type=\"checkbox\" name=\"item_meta[17][]\" id=\"field_uxvw4-2\" value=\"uszczelnienia dokowe\"  data-invmsg=\"Systemy prze\u0142adunkowe is invalid\" aria-invalid=\"false\"   \/> uszczelnienia dokowe<\/label><\/div>\n\t\t<div class=\"frm_checkbox\" id=\"frm_checkbox_17-112-3\"><label for=\"field_uxvw4-3\"><input type=\"checkbox\" name=\"item_meta[17][]\" id=\"field_uxvw4-3\" value=\"system blokady k\u00f3\u0142\"  data-invmsg=\"Systemy prze\u0142adunkowe is invalid\" aria-invalid=\"false\"   \/> system blokady k\u00f3\u0142<\/label><\/div>\n<\/div>\r\n    \r\n    \r\n<\/div>\n<div id=\"frm_field_18_container\" class=\"frm_form_field form-field  frm_top_container vertical_radio\">\r\n    <label  class=\"frm_primary_label\">Bramy specjalne\r\n        <span class=\"frm_required\"><\/span>\r\n    <\/label>\r\n    <div class=\"frm_opt_container\">\t\t<div class=\"frm_checkbox\" id=\"frm_checkbox_18-112-1\"><label for=\"field_1oeqo-1\"><input type=\"checkbox\" name=\"item_meta[18][]\" id=\"field_1oeqo-1\" value=\"bramy specjalne\"  data-invmsg=\"Bramy specjalne is invalid\" aria-invalid=\"false\"   \/> bramy specjalne<\/label><\/div>\n<\/div>\r\n    \r\n    \r\n<\/div>\n<div id=\"frm_field_113_container\" class=\"frm_form_field form-field  frm_top_container\">\n\t<label for=\"field_3whza\" id=\"field_3whza_label\" class=\"frm_primary_label\">End Section\n\t\t<span class=\"frm_required\" aria-hidden=\"true\"><\/span>\n\t<\/label>\n\t<input type=\"text\" id=\"field_3whza\" name=\"item_meta[113]\" value=\"\"  data-invmsg=\"End Section is invalid\" aria-invalid=\"false\"  \/>\n\t\n\t\n<\/div>\n<div id=\"frm_field_108_container\" class=\"frm_form_field frm_section_heading form-field frm_top_container frm_third\">\r\n<h3 class=\"frm_pos_ frm_primary_label[collapse_class]\">Us\u0142ugi<\/h3>\r\n\r\n\r\n<\/div>\n<div id=\"frm_field_22_container\" class=\"frm_form_field form-field  frm_top_container vertical_radio\">\r\n    <label  class=\"frm_primary_label\">Bezp\u0142atne konsultacje\r\n        <span class=\"frm_required\"><\/span>\r\n    <\/label>\r\n    <div class=\"frm_opt_container\">\t\t<div class=\"frm_checkbox\" id=\"frm_checkbox_22-108-0\"><label for=\"field_mrllp-0\"><input type=\"checkbox\" name=\"item_meta[22][]\" id=\"field_mrllp-0\" value=\"kosztorysy bud\u017cetowe\"  data-invmsg=\"Bezp\u0142atne konsultacje is invalid\" aria-invalid=\"false\"   \/> kosztorysy bud\u017cetowe<\/label><\/div>\n\t\t<div class=\"frm_checkbox\" id=\"frm_checkbox_22-108-1\"><label for=\"field_mrllp-1\"><input type=\"checkbox\" name=\"item_meta[22][]\" id=\"field_mrllp-1\" value=\"wyceny projektowe\"  data-invmsg=\"Bezp\u0142atne konsultacje is invalid\" aria-invalid=\"false\"   \/> wyceny projektowe<\/label><\/div>\n\t\t<div class=\"frm_checkbox\" id=\"frm_checkbox_22-108-2\"><label for=\"field_mrllp-2\"><input type=\"checkbox\" name=\"item_meta[22][]\" id=\"field_mrllp-2\" value=\"doradztwo techniczne\"  data-invmsg=\"Bezp\u0142atne konsultacje is invalid\" aria-invalid=\"false\"   \/> doradztwo techniczne<\/label><\/div>\n<\/div>\r\n    \r\n    \r\n<\/div>\n<div id=\"frm_field_23_container\" class=\"frm_form_field form-field  frm_top_container vertical_radio\">\r\n    <label  class=\"frm_primary_label\">Konserwacja i naprawy\r\n        <span class=\"frm_required\"><\/span>\r\n    <\/label>\r\n    <div class=\"frm_opt_container\">\t\t<div class=\"frm_checkbox\" id=\"frm_checkbox_23-108-0\"><label for=\"field_zevbc-0\"><input type=\"checkbox\" name=\"item_meta[23][]\" id=\"field_zevbc-0\" value=\"bramy segmentowe\"  data-invmsg=\"Konserwacja i naprawy is invalid\" aria-invalid=\"false\"   \/> bramy segmentowe<\/label><\/div>\n\t\t<div class=\"frm_checkbox\" id=\"frm_checkbox_23-108-1\"><label for=\"field_zevbc-1\"><input type=\"checkbox\" name=\"item_meta[23][]\" id=\"field_zevbc-1\" value=\"bramy elastyczne\"  data-invmsg=\"Konserwacja i naprawy is invalid\" aria-invalid=\"false\"   \/> bramy elastyczne<\/label><\/div>\n\t\t<div class=\"frm_checkbox\" id=\"frm_checkbox_23-108-2\"><label for=\"field_zevbc-2\"><input type=\"checkbox\" name=\"item_meta[23][]\" id=\"field_zevbc-2\" value=\"bramy przeciwpo\u017carowe\"  data-invmsg=\"Konserwacja i naprawy is invalid\" aria-invalid=\"false\"   \/> bramy przeciwpo\u017carowe<\/label><\/div>\n\t\t<div class=\"frm_checkbox\" id=\"frm_checkbox_23-108-3\"><label for=\"field_zevbc-3\"><input type=\"checkbox\" name=\"item_meta[23][]\" id=\"field_zevbc-3\" value=\"systemy prze\u0142adunkowe\"  data-invmsg=\"Konserwacja i naprawy is invalid\" aria-invalid=\"false\"   \/> systemy prze\u0142adunkowe<\/label><\/div>\n\t\t<div class=\"frm_checkbox\" id=\"frm_checkbox_23-108-4\"><label for=\"field_zevbc-4\"><input type=\"checkbox\" name=\"item_meta[23][]\" id=\"field_zevbc-4\" value=\"bramy hangarowe\"  data-invmsg=\"Konserwacja i naprawy is invalid\" aria-invalid=\"false\"   \/> bramy hangarowe<\/label><\/div>\n<\/div>\r\n    \r\n    \r\n<\/div>\n<div id=\"frm_field_24_container\" class=\"frm_form_field form-field  frm_top_container vertical_radio\">\r\n    <label  class=\"frm_primary_label\">Monta\u017c urz\u0105dze\u0144\r\n        <span class=\"frm_required\"><\/span>\r\n    <\/label>\r\n    <div class=\"frm_opt_container\">\t\t<div class=\"frm_checkbox\" id=\"frm_checkbox_24-108-1\"><label for=\"field_h9cm9-1\"><input type=\"checkbox\" name=\"item_meta[24][]\" id=\"field_h9cm9-1\" value=\"bramy\"  data-invmsg=\"Monta\u017c urz\u0105dze\u0144 is invalid\" aria-invalid=\"false\"   \/> bramy<\/label><\/div>\n\t\t<div class=\"frm_checkbox\" id=\"frm_checkbox_24-108-2\"><label for=\"field_h9cm9-2\"><input type=\"checkbox\" name=\"item_meta[24][]\" id=\"field_h9cm9-2\" value=\"nap\u0119dy do bram r\u0119cznych\"  data-invmsg=\"Monta\u017c urz\u0105dze\u0144 is invalid\" aria-invalid=\"false\"   \/> nap\u0119dy do bram r\u0119cznych<\/label><\/div>\n\t\t<div class=\"frm_checkbox\" id=\"frm_checkbox_24-108-3\"><label for=\"field_h9cm9-3\"><input type=\"checkbox\" name=\"item_meta[24][]\" id=\"field_h9cm9-3\" value=\"urz\u0105dzenia techniki prze\u0142adunku\"  data-invmsg=\"Monta\u017c urz\u0105dze\u0144 is invalid\" aria-invalid=\"false\"   \/> urz\u0105dzenia techniki prze\u0142adunku<\/label><\/div>\n\t\t<div class=\"frm_checkbox\" id=\"frm_checkbox_24-108-4\"><label for=\"field_h9cm9-4\"><input type=\"checkbox\" name=\"item_meta[24][]\" id=\"field_h9cm9-4\" value=\"blokady k\u00f3\u0142\"  data-invmsg=\"Monta\u017c urz\u0105dze\u0144 is invalid\" aria-invalid=\"false\"   \/> blokady k\u00f3\u0142<\/label><\/div>\n<\/div>\r\n    \r\n    \r\n<\/div>\n<div id=\"frm_field_109_container\" class=\"frm_form_field form-field  frm_top_container\">\n\t<label for=\"field_3zdmb\" id=\"field_3zdmb_label\" class=\"frm_primary_label\">End Section\n\t\t<span class=\"frm_required\" aria-hidden=\"true\"><\/span>\n\t<\/label>\n\t<input type=\"text\" id=\"field_3zdmb\" name=\"item_meta[109]\" value=\"\"  data-invmsg=\"End Section is invalid\" aria-invalid=\"false\"  \/>\n\t\n\t\n<\/div>\n<div id=\"frm_field_114_container\" class=\"frm_form_field frm_section_heading form-field frm_top_container frm_first\">\r\n<h3 class=\"frm_pos_ frm_primary_label[collapse_class]\">Dane kontaktowe<\/h3>\r\n\r\n\r\n<\/div>\n<div id=\"frm_field_13_container\" class=\"frm_form_field form-field  frm_required_field frm_top_container\">\r\n    <label for=\"field_328vm\" class=\"frm_primary_label\">Imi\u0119\r\n        <span class=\"frm_required\">*<\/span>\r\n    <\/label>\r\n    <input type=\"text\" id=\"field_328vm\" name=\"item_meta[13]\" value=\"\"  style=\"width:250px\" data-reqmsg=\"Imi\u0119 cannot be blank.\" aria-required=\"true\" data-invmsg=\"Imi\u0119 is invalid\" class=\"auto_width\" aria-invalid=\"false\"  \/>\r\n    \r\n    \r\n<\/div>\n<div id=\"frm_field_123_container\" class=\"frm_form_field form-field  frm_required_field frm_top_container\">\r\n    <label for=\"field_b6wt0\" class=\"frm_primary_label\">Nazwisko\r\n        <span class=\"frm_required\">*<\/span>\r\n    <\/label>\r\n    <input type=\"text\" id=\"field_b6wt0\" name=\"item_meta[123]\" value=\"\"  style=\"width:250px\" data-reqmsg=\"To pole nie mo\u017ce by\u0107 puste.\" aria-required=\"true\" data-invmsg=\"Nazwisko is invalid\" class=\"auto_width\" aria-invalid=\"false\"  \/>\r\n    \r\n    \r\n<\/div>\n<div id=\"frm_field_14_container\" class=\"frm_form_field form-field  frm_required_field frm_top_container\">\r\n    <label for=\"field_p5bfh\" class=\"frm_primary_label\">Firma\r\n        <span class=\"frm_required\">*<\/span>\r\n    <\/label>\r\n    <input type=\"text\" id=\"field_p5bfh\" name=\"item_meta[14]\" value=\"\"  style=\"width:250px\" data-reqmsg=\"Firma cannot be blank.\" aria-required=\"true\" data-invmsg=\"Firma is invalid\" class=\"auto_width\" aria-invalid=\"false\"  \/>\r\n    \r\n    \r\n<\/div>\n<div id=\"frm_field_116_container\" class=\"frm_form_field form-field  frm_required_field frm_top_container\">\r\n    <label for=\"field_ai4z2\" class=\"frm_primary_label\">Telefon\r\n        <span class=\"frm_required\">*<\/span>\r\n    <\/label>\r\n    <input type=\"tel\" id=\"field_ai4z2\" name=\"item_meta[116]\" value=\"\"  style=\"width:250px\" data-reqmsg=\"To pole nie mo\u017ce by\u0107 puste.\" aria-required=\"true\" data-invmsg=\"Telefon is invalid\" class=\"auto_width\" aria-invalid=\"false\" pattern=\"\\+\\d\\d \\d\\d\\d\\d\\d\\d\\d\\d\\d$\"   aria-describedby=\"frm_desc_field_ai4z2\"\/>\r\n    <div id=\"frm_desc_field_ai4z2\" class=\"frm_description\">numer w formacie: +48 999999999<\/div>\r\n    \r\n<\/div>\n<div id=\"frm_field_15_container\" class=\"frm_form_field form-field  frm_required_field frm_top_container\">\r\n    <label for=\"field_rja8g\" class=\"frm_primary_label\">Email\r\n        <span class=\"frm_required\">*<\/span>\r\n    <\/label>\r\n    <input type=\"email\" id=\"field_rja8g\" name=\"item_meta[15]\" value=\"\"  style=\"width:250px\" data-reqmsg=\"Email cannot be blank.\" aria-required=\"true\" data-invmsg=\"Email is invalid\" class=\"auto_width\" aria-invalid=\"false\"  \/>\r\n    \r\n    \r\n<\/div>\n<div id=\"frm_field_115_container\" class=\"frm_form_field form-field  frm_top_container\">\n\t<label for=\"field_80t4r\" id=\"field_80t4r_label\" class=\"frm_primary_label\">End Section\n\t\t<span class=\"frm_required\" aria-hidden=\"true\"><\/span>\n\t<\/label>\n\t<input type=\"text\" id=\"field_80t4r\" name=\"item_meta[115]\" value=\"\"  data-invmsg=\"End Section is invalid\" aria-invalid=\"false\"  \/>\n\t\n\t\n<\/div>\n<div id=\"frm_field_117_container\" class=\"frm_form_field frm_section_heading form-field frm_top_container frm_half\">\r\n<h3 class=\"frm_pos_ frm_primary_label[collapse_class]\"><\/h3>\r\n\r\n\r\n<\/div>\n<div id=\"frm_field_121_container\" class=\"frm_form_field form-field  frm_top_container\">\r\n    <label for=\"field_gto79\" class=\"frm_primary_label\">Wiadomo\u015b\u0107:\r\n        <span class=\"frm_required\"><\/span>\r\n    <\/label>\r\n    <textarea name=\"item_meta[121]\" id=\"field_gto79\" rows=\"5\"  style=\"width:350px\" cols=\"38\" data-invmsg=\"Wiadomo\u015b\u0107: is invalid\" class=\"auto_width\" aria-invalid=\"false\"  ><\/textarea>\r\n    \r\n    \r\n<\/div>\n<div id=\"frm_field_120_container\" class=\"frm_form_field form-field  frm_top_container\">\r\n    <label for=\"field_z0mdl\" class=\"frm_primary_label\">Za\u0142\u0105czniki:\r\n        <span class=\"frm_required\"><\/span>\r\n    <\/label>\r\n    <input type=\"text\" id=\"field_z0mdl\" name=\"item_meta[120]\" value=\"\"  style=\"width:50px\" data-invmsg=\"Za\u0142\u0105czniki is invalid\" class=\"auto_width\" aria-invalid=\"false\"  \/>\r\n    \r\n    \r\n<\/div>\n<div id=\"frm_field_118_container\" class=\"frm_form_field form-field  frm_top_container\">\n\t<label for=\"field_gvwop\" id=\"field_gvwop_label\" class=\"frm_primary_label\">End Section\n\t\t<span class=\"frm_required\" aria-hidden=\"true\"><\/span>\n\t<\/label>\n\t<input type=\"text\" id=\"field_gvwop\" name=\"item_meta[118]\" value=\"\"  data-invmsg=\"End Section is invalid\" aria-invalid=\"false\"  \/>\n\t\n\t\n<\/div>\n<div id=\"frm_field_122_container\" class=\"frm_form_field form-field  frm_top_container\">\r\n    <label for=\"g-recaptcha-response\" class=\"frm_primary_label\">reCAPTCHA\r\n        <span class=\"frm_required\"><\/span>\r\n    <\/label>\r\n    <div  id=\"field_x6k0q\" class=\"frm-g-recaptcha\" data-sitekey=\"6LceuiATAAAAAFoV2pIxMX_Na64cWayxkr6oYQWz\" data-size=\"normal\" data-theme=\"light\"><\/div>\r\n    \r\n    \r\n<\/div>\n\t<input type=\"hidden\" name=\"item_key\" value=\"\" \/>\n\t<div class=\"frm_submit\">\r\n\r\n<input type=\"submit\" value=\"Wy\u015blij\"  \/>\r\n<img decoding=\"async\" class=\"frm_ajax_loading\" src=\"https:\/\/alldoors.pl\/wp-content\/plugins\/formidable\/images\/ajax_loader.gif\" alt=\"Sending\"\/>\r\n\r\n<\/div><\/div>\n<\/fieldset>\n<\/div>\n<\/form>\n<\/div>\n\n","protected":false},"excerpt":{"rendered":"","protected":false},"author":1,"featured_media":0,"parent":0,"menu_order":0,"comment_status":"closed","ping_status":"closed","template":"page-templates\/full-width-page.php","meta":{"footnotes":""},"translation":{"provider":"WPGlobus","version":"2.12.2","language":"en","enabled_languages":["pl","en"],"languages":{"pl":{"title":true,"content":true,"excerpt":false},"en":{"title":true,"content":true,"excerpt":false}}},"_links":{"self":[{"href":"https:\/\/alldoors.pl\/en\/wp-json\/wp\/v2\/pages\/14"}],"collection":[{"href":"https:\/\/alldoors.pl\/en\/wp-json\/wp\/v2\/pages"}],"about":[{"href":"https:\/\/alldoors.pl\/en\/wp-json\/wp\/v2\/types\/page"}],"author":[{"embeddable":true,"href":"https:\/\/alldoors.pl\/en\/wp-json\/wp\/v2\/users\/1"}],"replies":[{"embeddable":true,"href":"https:\/\/alldoors.pl\/en\/wp-json\/wp\/v2\/comments?post=14"}],"version-history":[{"count":7,"href":"https:\/\/alldoors.pl\/en\/wp-json\/wp\/v2\/pages\/14\/revisions"}],"predecessor-version":[{"id":61,"href":"https:\/\/alldoors.pl\/en\/wp-json\/wp\/v2\/pages\/14\/revisions\/61"}],"wp:attachment":[{"href":"https:\/\/alldoors.pl\/en\/wp-json\/wp\/v2\/media?parent=14"}],"curies":[{"name":"wp","href":"https:\/\/api.w.org\/{rel}","templated":true}]}}